{"id":997,"date":"2024-09-18T12:28:22","date_gmt":"2024-09-18T10:28:22","guid":{"rendered":"https:\/\/asta-hs-brs.de\/?page_id=997"},"modified":"2025-09-29T08:06:05","modified_gmt":"2025-09-29T06:06:05","slug":"rechtsberatung","status":"publish","type":"page","link":"https:\/\/asta-hs-brs.de\/en_wip\/rechtsberatung\/","title":{"rendered":"legal advice"},"content":{"rendered":"<div data-elementor-type=\"wp-page\" data-elementor-id=\"997\" class=\"elementor elementor-997\" data-elementor-post-type=\"page\">\n\t\t\t\t<div class=\"elementor-element elementor-element-2b1c366 e-flex e-con-boxed e-con e-parent\" data-id=\"2b1c366\" data-element_type=\"container\" data-e-type=\"container\">\n\t\t\t\t\t<div class=\"e-con-inner\">\n\t\t\t\t<div class=\"elementor-element elementor-element-16d9ab7 elementor-widget elementor-widget-spacer\" data-id=\"16d9ab7\" data-element_type=\"widget\" data-e-type=\"widget\" data-widget_type=\"spacer.default\">\n\t\t\t\t<div class=\"elementor-widget-container\">\n\t\t\t\t\t\t\t<div class=\"elementor-spacer\">\n\t\t\t<div class=\"elementor-spacer-inner\"><\/div>\n\t\t<\/div>\n\t\t\t\t\t\t<\/div>\n\t\t\t\t<\/div>\n\t\t\t\t\t<\/div>\n\t\t\t\t<\/div>\n\t\t<div class=\"elementor-element elementor-element-a43ed62 e-flex e-con-boxed e-con e-parent\" data-id=\"a43ed62\" data-element_type=\"container\" data-e-type=\"container\" data-settings=\"{&quot;background_background&quot;:&quot;classic&quot;}\">\n\t\t\t\t\t<div class=\"e-con-inner\">\n\t\t\t\t<div class=\"elementor-element elementor-element-8169ee1 elementor-widget__width-initial elementor-widget elementor-widget-heading\" data-id=\"8169ee1\" data-element_type=\"widget\" data-e-type=\"widget\" data-widget_type=\"heading.default\">\n\t\t\t\t<div class=\"elementor-widget-container\">\n\t\t\t\t\t<h1 class=\"elementor-heading-title elementor-size-xl\">legal advice<\/h1>\t\t\t\t<\/div>\n\t\t\t\t<\/div>\n\t\t\t\t\t<\/div>\n\t\t\t\t<\/div>\n\t\t<div class=\"elementor-element elementor-element-6f8221d e-flex e-con-boxed e-con e-parent\" data-id=\"6f8221d\" data-element_type=\"container\" data-e-type=\"container\">\n\t\t\t\t\t<div class=\"e-con-inner\">\n\t\t\t\t<div class=\"elementor-element elementor-element-a0cfe7b elementor-widget elementor-widget-spacer\" data-id=\"a0cfe7b\" data-element_type=\"widget\" data-e-type=\"widget\" data-widget_type=\"spacer.default\">\n\t\t\t\t<div class=\"elementor-widget-container\">\n\t\t\t\t\t\t\t<div class=\"elementor-spacer\">\n\t\t\t<div class=\"elementor-spacer-inner\"><\/div>\n\t\t<\/div>\n\t\t\t\t\t\t<\/div>\n\t\t\t\t<\/div>\n\t\t\t\t\t<\/div>\n\t\t\t\t<\/div>\n\t\t<div class=\"elementor-element elementor-element-2a969c8 e-flex e-con-boxed e-con e-parent\" data-id=\"2a969c8\" data-element_type=\"container\" data-e-type=\"container\">\n\t\t\t\t\t<div class=\"e-con-inner\">\n\t\t\t\t<div class=\"elementor-element elementor-element-c99c755 elementor-widget elementor-widget-text-editor\" data-id=\"c99c755\" data-element_type=\"widget\" data-e-type=\"widget\" data-widget_type=\"text-editor.default\">\n\t\t\t\t<div class=\"elementor-widget-container\">\n\t\t\t\t\t\t\t\t\t<p>In the event of legal problems that could jeopardise their studies, we can offer affected students a voucher for a 30-minute consultation with one of our partner solicitors.<\/p><p><strong>Fragen &amp; Antr\u00e4ge gerne per Mail an hopo@asta.h-brs.de<\/strong><\/p>\t\t\t\t\t\t\t\t<\/div>\n\t\t\t\t<\/div>\n\t\t\t\t\t<\/div>\n\t\t\t\t<\/div>\n\t\t<div class=\"elementor-element elementor-element-8734101 e-flex e-con-boxed e-con e-parent\" data-id=\"8734101\" data-element_type=\"container\" data-e-type=\"container\">\n\t\t\t\t\t<div class=\"e-con-inner\">\n\t\t<div class=\"elementor-element elementor-element-01d6da0 e-con-full e-flex e-con e-child\" data-id=\"01d6da0\" data-element_type=\"container\" data-e-type=\"container\">\n\t\t\t\t<div class=\"elementor-element elementor-element-6cbcaaf elementor-widget elementor-widget-heading\" data-id=\"6cbcaaf\" data-element_type=\"widget\" data-e-type=\"widget\" data-widget_type=\"heading.default\">\n\t\t\t\t<div class=\"elementor-widget-container\">\n\t\t\t\t\t<h2 class=\"elementor-heading-title elementor-size-default\">Your contact persons:<\/h2>\t\t\t\t<\/div>\n\t\t\t\t<\/div>\n\t\t\t\t<\/div>\n\t\t<div class=\"elementor-element elementor-element-6994a1e e-con-full e-flex e-con e-child\" data-id=\"6994a1e\" data-element_type=\"container\" data-e-type=\"container\">\n\t\t\t\t<div class=\"elementor-element elementor-element-9884f24 elementor-widget elementor-widget-image\" data-id=\"9884f24\" data-element_type=\"widget\" data-e-type=\"widget\" data-widget_type=\"image.default\">\n\t\t\t\t<div class=\"elementor-widget-container\">\n\t\t\t\t\t\t\t\t\t\t\t\t\t\t\t<img decoding=\"async\" width=\"150\" height=\"150\" src=\"https:\/\/asta-hs-brs.de\/wp-content\/uploads\/2025\/09\/draussen_1-3-e1759125045804-150x150.jpg\" class=\"attachment-thumbnail size-thumbnail wp-image-1760\" alt=\"\" srcset=\"https:\/\/asta-hs-brs.de\/wp-content\/uploads\/2025\/09\/draussen_1-3-e1759125045804-150x150.jpg 150w, https:\/\/asta-hs-brs.de\/wp-content\/uploads\/2025\/09\/draussen_1-3-e1759125045804-300x300.jpg 300w, https:\/\/asta-hs-brs.de\/wp-content\/uploads\/2025\/09\/draussen_1-3-e1759125045804-1024x1024.jpg 1024w, https:\/\/asta-hs-brs.de\/wp-content\/uploads\/2025\/09\/draussen_1-3-e1759125045804-768x768.jpg 768w, https:\/\/asta-hs-brs.de\/wp-content\/uploads\/2025\/09\/draussen_1-3-e1759125045804-12x12.jpg 12w, https:\/\/asta-hs-brs.de\/wp-content\/uploads\/2025\/09\/draussen_1-3-e1759125045804.jpg 1428w\" sizes=\"(max-width: 150px) 100vw, 150px\" \/>\t\t\t\t\t\t\t\t\t\t\t\t\t\t\t<\/div>\n\t\t\t\t<\/div>\n\t\t\t\t<div class=\"elementor-element elementor-element-28948d2 elementor-widget elementor-widget-text-editor\" data-id=\"28948d2\" data-element_type=\"widget\" data-e-type=\"widget\" data-widget_type=\"text-editor.default\">\n\t\t\t\t<div class=\"elementor-widget-container\">\n\t\t\t\t\t\t\t\t\t<p><strong>Department of Higher Education Policy and Social Affairs<br \/><\/strong><a href=\"mailto:hopo@asta.h-brs.de\">hopo@asta.h-brs.de<\/a><\/p><p><strong>\u00a0<\/strong><\/p>\t\t\t\t\t\t\t\t<\/div>\n\t\t\t\t<\/div>\n\t\t\t\t<\/div>\n\t\t\t\t\t<\/div>\n\t\t\t\t<\/div>\n\t\t\t\t<\/div>","protected":false},"excerpt":{"rendered":"<p>Rechtsberatung Bei studiengef\u00e4hrdenden Rechtsproblemen k\u00f6nnen wir den betroffenen Studierenden einen Gutschein f\u00fcr ein 30-min\u00fctiges Gespr\u00e4ch bei einem unserer Kooperationsanw\u00e4lte anbieten. Fragen &amp; Antr\u00e4ge gerne per Mail an hopo@asta.h-brs.de Deine Ansprechpartner:innen Referat Hochschulpolitik und Sozialeshopo@asta.h-brs.de \u00a0<\/p>","protected":false},"author":1,"featured_media":0,"parent":0,"menu_order":0,"comment_status":"closed","ping_status":"closed","template":"","meta":{"footnotes":""},"class_list":["post-997","page","type-page","status-publish","hentry"],"_links":{"self":[{"href":"https:\/\/asta-hs-brs.de\/en_wip\/wp-json\/wp\/v2\/pages\/997","targetHints":{"allow":["GET"]}}],"collection":[{"href":"https:\/\/asta-hs-brs.de\/en_wip\/wp-json\/wp\/v2\/pages"}],"about":[{"href":"https:\/\/asta-hs-brs.de\/en_wip\/wp-json\/wp\/v2\/types\/page"}],"author":[{"embeddable":true,"href":"https:\/\/asta-hs-brs.de\/en_wip\/wp-json\/wp\/v2\/users\/1"}],"replies":[{"embeddable":true,"href":"https:\/\/asta-hs-brs.de\/en_wip\/wp-json\/wp\/v2\/comments?post=997"}],"version-history":[{"count":19,"href":"https:\/\/asta-hs-brs.de\/en_wip\/wp-json\/wp\/v2\/pages\/997\/revisions"}],"predecessor-version":[{"id":1785,"href":"https:\/\/asta-hs-brs.de\/en_wip\/wp-json\/wp\/v2\/pages\/997\/revisions\/1785"}],"wp:attachment":[{"href":"https:\/\/asta-hs-brs.de\/en_wip\/wp-json\/wp\/v2\/media?parent=997"}],"curies":[{"name":"wp","href":"https:\/\/api.w.org\/{rel}","templated":true}]}}