{"id":848,"date":"2024-05-01T15:09:32","date_gmt":"2024-05-01T13:09:32","guid":{"rendered":"https:\/\/asta-hs-brs.de\/?page_id=848"},"modified":"2025-09-29T00:11:25","modified_gmt":"2025-09-28T22:11:25","slug":"was-sind-hochschulgremien","status":"publish","type":"page","link":"https:\/\/asta-hs-brs.de\/en_wip\/was-sind-hochschulgremien\/","title":{"rendered":"Committees"},"content":{"rendered":"<div data-elementor-type=\"wp-page\" data-elementor-id=\"848\" class=\"elementor elementor-848\" data-elementor-post-type=\"page\">\n\t\t\t\t<div class=\"elementor-element elementor-element-65db95b e-flex e-con-boxed e-con e-parent\" data-id=\"65db95b\" data-element_type=\"container\" data-e-type=\"container\">\n\t\t\t\t\t<div class=\"e-con-inner\">\n\t\t\t\t<div class=\"elementor-element elementor-element-ebb7310 elementor-widget elementor-widget-spacer\" data-id=\"ebb7310\" data-element_type=\"widget\" data-e-type=\"widget\" data-widget_type=\"spacer.default\">\n\t\t\t\t<div class=\"elementor-widget-container\">\n\t\t\t\t\t\t\t<div class=\"elementor-spacer\">\n\t\t\t<div class=\"elementor-spacer-inner\"><\/div>\n\t\t<\/div>\n\t\t\t\t\t\t<\/div>\n\t\t\t\t<\/div>\n\t\t\t\t\t<\/div>\n\t\t\t\t<\/div>\n\t\t<div class=\"elementor-element elementor-element-ca62ce3 e-flex e-con-boxed e-con e-parent\" data-id=\"ca62ce3\" data-element_type=\"container\" data-e-type=\"container\" data-settings=\"{&quot;background_background&quot;:&quot;classic&quot;}\">\n\t\t\t\t\t<div class=\"e-con-inner\">\n\t\t\t\t<div class=\"elementor-element elementor-element-30f61ad elementor-widget elementor-widget-heading\" data-id=\"30f61ad\" data-element_type=\"widget\" data-e-type=\"widget\" data-widget_type=\"heading.default\">\n\t\t\t\t<div class=\"elementor-widget-container\">\n\t\t\t\t\t<h1 class=\"elementor-heading-title elementor-size-xxl\">Committees at Bonn-Rhein-Sieg University of Applied Sciences<\/h1>\t\t\t\t<\/div>\n\t\t\t\t<\/div>\n\t\t\t\t\t<\/div>\n\t\t\t\t<\/div>\n\t\t<div class=\"elementor-element elementor-element-3b20628 e-flex e-con-boxed e-con e-parent\" data-id=\"3b20628\" data-element_type=\"container\" data-e-type=\"container\">\n\t\t\t\t\t<div class=\"e-con-inner\">\n\t\t\t\t<div class=\"elementor-element elementor-element-17fda55 elementor-widget elementor-widget-spacer\" data-id=\"17fda55\" data-element_type=\"widget\" data-e-type=\"widget\" data-widget_type=\"spacer.default\">\n\t\t\t\t<div class=\"elementor-widget-container\">\n\t\t\t\t\t\t\t<div class=\"elementor-spacer\">\n\t\t\t<div class=\"elementor-spacer-inner\"><\/div>\n\t\t<\/div>\n\t\t\t\t\t\t<\/div>\n\t\t\t\t<\/div>\n\t\t\t\t\t<\/div>\n\t\t\t\t<\/div>\n\t\t<div class=\"elementor-element elementor-element-ac00325 e-flex e-con-boxed e-con e-parent\" data-id=\"ac00325\" data-element_type=\"container\" data-e-type=\"container\">\n\t\t\t\t\t<div class=\"e-con-inner\">\n\t\t\t\t<div class=\"elementor-element elementor-element-14069c7 elementor-widget elementor-widget-text-editor\" data-id=\"14069c7\" data-element_type=\"widget\" data-e-type=\"widget\" data-widget_type=\"text-editor.default\">\n\t\t\t\t<div class=\"elementor-widget-container\">\n\t\t\t\t\t\t\t\t\t<p>Welcome to the heart of our university, the student committees!<\/p><p>The invaluable commitment of your fellow student volunteers is the driving force behind our vibrant student body. They fight to ensure that your voices are heard and that problems are actively addressed.<\/p><p>In three short explanatory videos, you will learn how you can actively participate in the development of new degree programmes, influence the design of new university buildings, and contribute your ideas for the cafeteria menu. Remember your first-year events \u2013 they would be unthinkable without the commitment of committees.<\/p><p>Student involvement is what really brings our campus life to life. It provides you with sports activities, cosy student union offices and great events such as cinema evenings and student union parties.<\/p><p>Be inspired, get active and help shape the future of our university! Watch three short explanatory videos on how student engagement is organised and immerse yourself in committee work.<\/p><ul><li>student committees<\/li><li>departmental committees<\/li><li>university committees<\/li><\/ul><div><em>\u00a0<\/em><\/div><div><em>Videos: Marvin M\u00fcller (7th semester Visual Technical Communication) (only available in German)<\/em><\/div><div><em>\u00a0<\/em><\/div>\t\t\t\t\t\t\t\t<\/div>\n\t\t\t\t<\/div>\n\t\t\t\t\t<\/div>\n\t\t\t\t<\/div>\n\t\t<div class=\"elementor-element elementor-element-1710706 e-flex e-con-boxed e-con e-parent\" data-id=\"1710706\" data-element_type=\"container\" data-e-type=\"container\">\n\t\t\t\t\t<div class=\"e-con-inner\">\n\t\t\t\t<div class=\"elementor-element elementor-element-d6f878a elementor-widget elementor-widget-heading\" data-id=\"d6f878a\" data-element_type=\"widget\" data-e-type=\"widget\" data-widget_type=\"heading.default\">\n\t\t\t\t<div class=\"elementor-widget-container\">\n\t\t\t\t\t<h2 class=\"elementor-heading-title elementor-size-default\">What are the student committees?<\/h2>\t\t\t\t<\/div>\n\t\t\t\t<\/div>\n\t\t\t\t\t<\/div>\n\t\t\t\t<\/div>\n\t\t<div class=\"elementor-element elementor-element-5499758 e-flex e-con-boxed e-con e-parent\" data-id=\"5499758\" data-element_type=\"container\" data-e-type=\"container\">\n\t\t\t\t\t<div class=\"e-con-inner\">\n\t\t\t\t<div class=\"elementor-element elementor-element-0616a4a elementor-widget elementor-widget-video\" data-id=\"0616a4a\" data-element_type=\"widget\" data-e-type=\"widget\" data-settings=\"{&quot;video_type&quot;:&quot;hosted&quot;,&quot;controls&quot;:&quot;yes&quot;}\" data-widget_type=\"video.default\">\n\t\t\t\t<div class=\"elementor-widget-container\">\n\t\t\t\t\t\t\t<div class=\"e-hosted-video elementor-wrapper elementor-open-inline\">\n\t\t\t\t\t<video class=\"elementor-video\" src=\"https:\/\/asta-hs-brs.de\/wp-content\/uploads\/2024\/05\/C7_V1_Mueller-Marvin.mp4\" controls=\"\" preload=\"metadata\" controlslist=\"nodownload\"><\/video>\n\t\t\t\t<\/div>\n\t\t\t\t\t\t<\/div>\n\t\t\t\t<\/div>\n\t\t<div class=\"elementor-element elementor-element-4548bd9 e-flex e-con-boxed e-con e-child\" data-id=\"4548bd9\" data-element_type=\"container\" data-e-type=\"container\">\n\t\t\t\t\t<div class=\"e-con-inner\">\n\t\t\t\t<div class=\"elementor-element elementor-element-3ffd5d5 elementor-widget elementor-widget-spacer\" data-id=\"3ffd5d5\" data-element_type=\"widget\" data-e-type=\"widget\" data-widget_type=\"spacer.default\">\n\t\t\t\t<div class=\"elementor-widget-container\">\n\t\t\t\t\t\t\t<div class=\"elementor-spacer\">\n\t\t\t<div class=\"elementor-spacer-inner\"><\/div>\n\t\t<\/div>\n\t\t\t\t\t\t<\/div>\n\t\t\t\t<\/div>\n\t\t\t\t\t<\/div>\n\t\t\t\t<\/div>\n\t\t\t\t\t<\/div>\n\t\t\t\t<\/div>\n\t\t<div class=\"elementor-element elementor-element-146904a e-flex e-con-boxed e-con e-parent\" data-id=\"146904a\" data-element_type=\"container\" data-e-type=\"container\">\n\t\t\t\t\t<div class=\"e-con-inner\">\n\t\t\t\t<div class=\"elementor-element elementor-element-7f60b27 elementor-widget elementor-widget-heading\" data-id=\"7f60b27\" data-element_type=\"widget\" data-e-type=\"widget\" data-widget_type=\"heading.default\">\n\t\t\t\t<div class=\"elementor-widget-container\">\n\t\t\t\t\t<h2 class=\"elementor-heading-title elementor-size-default\">What are the departmental committees?<\/h2>\t\t\t\t<\/div>\n\t\t\t\t<\/div>\n\t\t\t\t\t<\/div>\n\t\t\t\t<\/div>\n\t\t<div class=\"elementor-element elementor-element-465a64b e-flex e-con-boxed e-con e-parent\" data-id=\"465a64b\" data-element_type=\"container\" data-e-type=\"container\">\n\t\t\t\t\t<div class=\"e-con-inner\">\n\t\t\t\t<div class=\"elementor-element elementor-element-781b533 elementor-widget elementor-widget-video\" data-id=\"781b533\" data-element_type=\"widget\" data-e-type=\"widget\" data-settings=\"{&quot;video_type&quot;:&quot;hosted&quot;,&quot;controls&quot;:&quot;yes&quot;}\" data-widget_type=\"video.default\">\n\t\t\t\t<div class=\"elementor-widget-container\">\n\t\t\t\t\t\t\t<div class=\"e-hosted-video elementor-wrapper elementor-open-inline\">\n\t\t\t\t\t<video class=\"elementor-video\" src=\"https:\/\/asta-hs-brs.de\/wp-content\/uploads\/2024\/05\/C7_V2_Mueller-Marvin.mp4\" controls=\"\" preload=\"metadata\" controlslist=\"nodownload\"><\/video>\n\t\t\t\t<\/div>\n\t\t\t\t\t\t<\/div>\n\t\t\t\t<\/div>\n\t\t<div class=\"elementor-element elementor-element-6d3966b e-flex e-con-boxed e-con e-child\" data-id=\"6d3966b\" data-element_type=\"container\" data-e-type=\"container\">\n\t\t\t\t\t<div class=\"e-con-inner\">\n\t\t\t\t<div class=\"elementor-element elementor-element-5ae6799 elementor-widget elementor-widget-spacer\" data-id=\"5ae6799\" data-element_type=\"widget\" data-e-type=\"widget\" data-widget_type=\"spacer.default\">\n\t\t\t\t<div class=\"elementor-widget-container\">\n\t\t\t\t\t\t\t<div class=\"elementor-spacer\">\n\t\t\t<div class=\"elementor-spacer-inner\"><\/div>\n\t\t<\/div>\n\t\t\t\t\t\t<\/div>\n\t\t\t\t<\/div>\n\t\t\t\t\t<\/div>\n\t\t\t\t<\/div>\n\t\t\t\t\t<\/div>\n\t\t\t\t<\/div>\n\t\t<div class=\"elementor-element elementor-element-de229e7 e-flex e-con-boxed e-con e-parent\" data-id=\"de229e7\" data-element_type=\"container\" data-e-type=\"container\">\n\t\t\t\t\t<div class=\"e-con-inner\">\n\t\t\t\t<div class=\"elementor-element elementor-element-4ef782f elementor-widget elementor-widget-heading\" data-id=\"4ef782f\" data-element_type=\"widget\" data-e-type=\"widget\" data-widget_type=\"heading.default\">\n\t\t\t\t<div class=\"elementor-widget-container\">\n\t\t\t\t\t<h2 class=\"elementor-heading-title elementor-size-default\">What are the university committees?<\/h2>\t\t\t\t<\/div>\n\t\t\t\t<\/div>\n\t\t\t\t\t<\/div>\n\t\t\t\t<\/div>\n\t\t<div class=\"elementor-element elementor-element-56170fd e-flex e-con-boxed e-con e-parent\" data-id=\"56170fd\" data-element_type=\"container\" data-e-type=\"container\">\n\t\t\t\t\t<div class=\"e-con-inner\">\n\t\t\t\t<div class=\"elementor-element elementor-element-1d9caa2 elementor-widget elementor-widget-video\" data-id=\"1d9caa2\" data-element_type=\"widget\" data-e-type=\"widget\" data-settings=\"{&quot;video_type&quot;:&quot;hosted&quot;,&quot;controls&quot;:&quot;yes&quot;}\" data-widget_type=\"video.default\">\n\t\t\t\t<div class=\"elementor-widget-container\">\n\t\t\t\t\t\t\t<div class=\"e-hosted-video elementor-wrapper elementor-open-inline\">\n\t\t\t\t\t<video class=\"elementor-video\" src=\"https:\/\/asta-hs-brs.de\/wp-content\/uploads\/2024\/05\/C7_V3_Mueller-Marvin.mp4\" controls=\"\" preload=\"metadata\" controlslist=\"nodownload\"><\/video>\n\t\t\t\t<\/div>\n\t\t\t\t\t\t<\/div>\n\t\t\t\t<\/div>\n\t\t\t\t\t<\/div>\n\t\t\t\t<\/div>\n\t\t\t\t<\/div>","protected":false},"excerpt":{"rendered":"<p>Gremien an der Hochschule Bonn-Rhein-Sieg Willkommen beim Herzst\u00fcck unserer Hochschule, den studentischen Gremien! Das unbezahlbare Engagement eurer ehrenamtlichen Mitstudierenden ist der Motor unserer lebendigen Studierendenschaft. Sie k\u00e4mpfen daf\u00fcr, dass Eure Stimmen geh\u00f6rt werden und aktiv an der L\u00f6sung von Problemen gearbeitet wird. In drei kurzen Erkl\u00e4rvideos erfahrt ihr, wie Ihr aktiv an der Entwicklung neuer [&hellip;]<\/p>","protected":false},"author":3,"featured_media":0,"parent":0,"menu_order":0,"comment_status":"closed","ping_status":"closed","template":"","meta":{"footnotes":""},"class_list":["post-848","page","type-page","status-publish","hentry"],"_links":{"self":[{"href":"https:\/\/asta-hs-brs.de\/en_wip\/wp-json\/wp\/v2\/pages\/848","targetHints":{"allow":["GET"]}}],"collection":[{"href":"https:\/\/asta-hs-brs.de\/en_wip\/wp-json\/wp\/v2\/pages"}],"about":[{"href":"https:\/\/asta-hs-brs.de\/en_wip\/wp-json\/wp\/v2\/types\/page"}],"author":[{"embeddable":true,"href":"https:\/\/asta-hs-brs.de\/en_wip\/wp-json\/wp\/v2\/users\/3"}],"replies":[{"embeddable":true,"href":"https:\/\/asta-hs-brs.de\/en_wip\/wp-json\/wp\/v2\/comments?post=848"}],"version-history":[{"count":17,"href":"https:\/\/asta-hs-brs.de\/en_wip\/wp-json\/wp\/v2\/pages\/848\/revisions"}],"predecessor-version":[{"id":1670,"href":"https:\/\/asta-hs-brs.de\/en_wip\/wp-json\/wp\/v2\/pages\/848\/revisions\/1670"}],"wp:attachment":[{"href":"https:\/\/asta-hs-brs.de\/en_wip\/wp-json\/wp\/v2\/media?parent=848"}],"curies":[{"name":"wp","href":"https:\/\/api.w.org\/{rel}","templated":true}]}}