{"id":52,"date":"2023-04-02T17:33:04","date_gmt":"2023-04-02T15:33:04","guid":{"rendered":"https:\/\/neu.asta-hs-brs.de\/about\/"},"modified":"2026-04-27T19:23:17","modified_gmt":"2026-04-27T17:23:17","slug":"about","status":"publish","type":"page","link":"https:\/\/asta-hs-brs.de\/en_wip\/about\/","title":{"rendered":"About"},"content":{"rendered":"<div data-elementor-type=\"wp-page\" data-elementor-id=\"52\" class=\"elementor elementor-52\" data-elementor-post-type=\"page\">\n\t\t\t\t<div class=\"elementor-element elementor-element-7cf48616 e-flex e-con-boxed e-con e-parent\" data-id=\"7cf48616\" data-element_type=\"container\" data-e-type=\"container\">\n\t\t\t\t\t<div class=\"e-con-inner\">\n\t\t\t\t<div class=\"elementor-element elementor-element-3de194f6 elementor-widget elementor-widget-spacer\" data-id=\"3de194f6\" data-element_type=\"widget\" data-e-type=\"widget\" data-widget_type=\"spacer.default\">\n\t\t\t\t<div class=\"elementor-widget-container\">\n\t\t\t\t\t\t\t<div class=\"elementor-spacer\">\n\t\t\t<div class=\"elementor-spacer-inner\"><\/div>\n\t\t<\/div>\n\t\t\t\t\t\t<\/div>\n\t\t\t\t<\/div>\n\t\t\t\t\t<\/div>\n\t\t\t\t<\/div>\n\t\t<div class=\"elementor-element elementor-element-8b2560a e-flex e-con-boxed e-con e-parent\" data-id=\"8b2560a\" data-element_type=\"container\" data-e-type=\"container\" data-settings=\"{&quot;background_background&quot;:&quot;classic&quot;}\">\n\t\t\t\t\t<div class=\"e-con-inner\">\n\t\t\t\t<div class=\"elementor-element elementor-element-0a90fc8 elementor-widget__width-initial elementor-widget elementor-widget-heading\" data-id=\"0a90fc8\" data-element_type=\"widget\" data-e-type=\"widget\" data-widget_type=\"heading.default\">\n\t\t\t\t<div class=\"elementor-widget-container\">\n\t\t\t\t\t<h1 class=\"elementor-heading-title elementor-size-xl\">Your AStA introduces itself<\/h1>\t\t\t\t<\/div>\n\t\t\t\t<\/div>\n\t\t\t\t\t<\/div>\n\t\t\t\t<\/div>\n\t\t<div class=\"elementor-element elementor-element-1ed64d3 e-flex e-con-boxed e-con e-parent\" data-id=\"1ed64d3\" data-element_type=\"container\" data-e-type=\"container\">\n\t\t\t\t\t<div class=\"e-con-inner\">\n\t\t\t\t<div class=\"elementor-element elementor-element-38e4c3c elementor-widget elementor-widget-spacer\" data-id=\"38e4c3c\" data-element_type=\"widget\" data-e-type=\"widget\" data-widget_type=\"spacer.default\">\n\t\t\t\t<div class=\"elementor-widget-container\">\n\t\t\t\t\t\t\t<div class=\"elementor-spacer\">\n\t\t\t<div class=\"elementor-spacer-inner\"><\/div>\n\t\t<\/div>\n\t\t\t\t\t\t<\/div>\n\t\t\t\t<\/div>\n\t\t\t\t\t<\/div>\n\t\t\t\t<\/div>\n\t\t<div class=\"elementor-element elementor-element-34a2a0ea e-flex e-con-boxed e-con e-parent\" data-id=\"34a2a0ea\" data-element_type=\"container\" data-e-type=\"container\">\n\t\t\t\t\t<div class=\"e-con-inner\">\n\t\t\t\t<div class=\"elementor-element elementor-element-94048bf elementor-widget elementor-widget-heading\" data-id=\"94048bf\" data-element_type=\"widget\" data-e-type=\"widget\" data-widget_type=\"heading.default\">\n\t\t\t\t<div class=\"elementor-widget-container\">\n\t\t\t\t\t<h2 class=\"elementor-heading-title elementor-size-default\">Hi! We are your AStA<\/h2>\t\t\t\t<\/div>\n\t\t\t\t<\/div>\n\t\t\t\t<div class=\"elementor-element elementor-element-7ea92735 elementor-widget elementor-widget-text-editor\" data-id=\"7ea92735\" data-element_type=\"widget\" data-e-type=\"widget\" data-widget_type=\"text-editor.default\">\n\t\t\t\t<div class=\"elementor-widget-container\">\n\t\t\t\t\t\t\t\t\t<p>The main task of the AStA is to represent the interests of all students at Bonn-Rhein-Sieg University of Applied Sciences. The AStA organizes the range of sports on offer at the university, negotiates the semester ticket on behalf of students, takes care of social issues and organizes events and campaigns. A special feature of the AStA at H-BRS is that, unlike other AStAs, it has no political mandate. It is more concerned with bringing the relatively young campuses of the university closer together and promoting identification with the university.<\/p>\t\t\t\t\t\t\t\t<\/div>\n\t\t\t\t<\/div>\n\t\t\t\t\t<\/div>\n\t\t\t\t<\/div>\n\t\t<div class=\"elementor-element elementor-element-5a5b5a52 e-flex e-con-boxed e-con e-parent\" data-id=\"5a5b5a52\" data-element_type=\"container\" data-e-type=\"container\">\n\t\t\t\t\t<div class=\"e-con-inner\">\n\t\t<div class=\"elementor-element elementor-element-0dd6fc4 e-con-full e-flex e-con e-child\" data-id=\"0dd6fc4\" data-element_type=\"container\" data-e-type=\"container\" data-settings=\"{&quot;background_background&quot;:&quot;classic&quot;}\">\n\t\t\t\t<div class=\"elementor-element elementor-element-0707f08 elementor-widget elementor-widget-heading\" data-id=\"0707f08\" data-element_type=\"widget\" data-e-type=\"widget\" data-widget_type=\"heading.default\">\n\t\t\t\t<div class=\"elementor-widget-container\">\n\t\t\t\t\t<h2 class=\"elementor-heading-title elementor-size-default\">Work in AStA<\/h2>\t\t\t\t<\/div>\n\t\t\t\t<\/div>\n\t\t\t\t<div class=\"elementor-element elementor-element-2e19d721 elementor-widget elementor-widget-text-editor\" data-id=\"2e19d721\" data-element_type=\"widget\" data-e-type=\"widget\" data-widget_type=\"text-editor.default\">\n\t\t\t\t<div class=\"elementor-widget-container\">\n\t\t\t\t\t\t\t\t\t<p>Are you a student at H-BRS - regardless of department or semester? Would you like to get involved in your university and play an active role in shaping everyday university life? Are you also a team player, well organized and want to take a look behind the scenes at the university?<br \/>Then the AStA is the right place for you! Just drop by one of our offices (C001 in Sankt Augustin, G103 in Rheinbach), visit us at our next meeting or contact us at <a href=\"mailto:info@asta.h-brs.de\"><b>info@asta.h-brs.de<\/b><\/a>.<br \/>We can often be found in the AStA office outside of opening hours, so just drop by! Please note that the opening hours are only valid during the lecture period.<\/p>\t\t\t\t\t\t\t\t<\/div>\n\t\t\t\t<\/div>\n\t\t\t\t<\/div>\n\t\t\t\t\t<\/div>\n\t\t\t\t<\/div>\n\t\t<div class=\"elementor-element elementor-element-6a95e0c5 e-flex e-con-boxed e-con e-parent\" data-id=\"6a95e0c5\" data-element_type=\"container\" data-e-type=\"container\">\n\t\t\t\t\t<div class=\"e-con-inner\">\n\t\t\t\t<div class=\"elementor-element elementor-element-c765b6e elementor-widget elementor-widget-heading\" data-id=\"c765b6e\" data-element_type=\"widget\" data-e-type=\"widget\" data-widget_type=\"heading.default\">\n\t\t\t\t<div class=\"elementor-widget-container\">\n\t\t\t\t\t<h2 class=\"elementor-heading-title elementor-size-default\">Units<\/h2>\t\t\t\t<\/div>\n\t\t\t\t<\/div>\n\t\t\t\t<div class=\"elementor-element elementor-element-7c4429ec elementor-widget elementor-widget-text-editor\" data-id=\"7c4429ec\" data-element_type=\"widget\" data-e-type=\"widget\" data-widget_type=\"text-editor.default\">\n\t\t\t\t<div class=\"elementor-widget-container\">\n\t\t\t\t\t\t\t\t\t<p>As the AStA is divided into several departments, you can contribute your personal strengths very well.<\/p><ul><li>Socially and politically interested people will find their vocation in the Department of University Policy and Social Affairs.<\/li><li>Organizational talents should ensure the expansion and improvement of university sports in the sports department.<\/li><li>Anyone who is communicative and confident in speaking and writing or is familiar with media design will find their place in the PR department.<\/li><li>Number crunchers can take on many responsible tasks in the finance department.<\/li><\/ul>\t\t\t\t\t\t\t\t<\/div>\n\t\t\t\t<\/div>\n\t\t\t\t\t<\/div>\n\t\t\t\t<\/div>\n\t\t<div class=\"elementor-element elementor-element-56fe20f8 e-flex e-con-boxed e-con e-parent\" data-id=\"56fe20f8\" data-element_type=\"container\" data-e-type=\"container\">\n\t\t\t\t\t<div class=\"e-con-inner\">\n\t\t<div class=\"elementor-element elementor-element-d7ec9b4 e-con-full e-flex e-con e-child\" data-id=\"d7ec9b4\" data-element_type=\"container\" data-e-type=\"container\" data-settings=\"{&quot;background_background&quot;:&quot;classic&quot;}\">\n\t\t\t\t<div class=\"elementor-element elementor-element-f8abdda elementor-widget elementor-widget-heading\" data-id=\"f8abdda\" data-element_type=\"widget\" data-e-type=\"widget\" data-widget_type=\"heading.default\">\n\t\t\t\t<div class=\"elementor-widget-container\">\n\t\t\t\t\t<h2 class=\"elementor-heading-title elementor-size-default\"> What do I gain from becoming a member? <\/h2>\t\t\t\t<\/div>\n\t\t\t\t<\/div>\n\t\t\t\t<div class=\"elementor-element elementor-element-2083f39a elementor-widget elementor-widget-text-editor\" data-id=\"2083f39a\" data-element_type=\"widget\" data-e-type=\"widget\" data-widget_type=\"text-editor.default\">\n\t\t\t\t<div class=\"elementor-widget-container\">\n\t\t\t\t\t\t\t\t\t<p>- Get to know fellow students from all departments and make friends<\/p><p>- Creatively implement your own ideas<\/p><p>- Use the AStA office for free periods\/vacation periods<\/p><p>- A certificate for voluntary work, which looks good with employers or can also lead to an extension of your student grant<\/p>\t\t\t\t\t\t\t\t<\/div>\n\t\t\t\t<\/div>\n\t\t\t\t<\/div>\n\t\t\t\t\t<\/div>\n\t\t\t\t<\/div>\n\t\t<div class=\"elementor-element elementor-element-14374c9f e-flex e-con-boxed e-con e-parent\" data-id=\"14374c9f\" data-element_type=\"container\" data-e-type=\"container\">\n\t\t\t\t\t<div class=\"e-con-inner\">\n\t\t\t\t<div class=\"elementor-element elementor-element-6446661 elementor-widget elementor-widget-heading\" data-id=\"6446661\" data-element_type=\"widget\" data-e-type=\"widget\" data-widget_type=\"heading.default\">\n\t\t\t\t<div class=\"elementor-widget-container\">\n\t\t\t\t\t<h2 class=\"elementor-heading-title elementor-size-default\"> What can I expect? What would my job be? <\/h2>\t\t\t\t<\/div>\n\t\t\t\t<\/div>\n\t\t\t\t<div class=\"elementor-element elementor-element-34b497a0 elementor-widget elementor-widget-text-editor\" data-id=\"34b497a0\" data-element_type=\"widget\" data-e-type=\"widget\" data-widget_type=\"text-editor.default\">\n\t\t\t\t<div class=\"elementor-widget-container\">\n\t\t\t\t\t\t\t\t\t<p>\u2013 Planning and implementation of the AStA sports programme<\/p><p>\u2013 Event planning and implementation<\/p><p>- Publish social media posts<\/p><p>\u2013 Website maintenance<\/p><p>\u2013 Management of loans and applications for social hardship cases<\/p>\t\t\t\t\t\t\t\t<\/div>\n\t\t\t\t<\/div>\n\t\t\t\t\t<\/div>\n\t\t\t\t<\/div>\n\t\t<div class=\"elementor-element elementor-element-23b9bd2d e-flex e-con-boxed e-con e-parent\" data-id=\"23b9bd2d\" data-element_type=\"container\" data-e-type=\"container\">\n\t\t\t\t\t<div class=\"e-con-inner\">\n\t\t<div class=\"elementor-element elementor-element-1439405 e-con-full e-flex e-con e-child\" data-id=\"1439405\" data-element_type=\"container\" data-e-type=\"container\" data-settings=\"{&quot;background_background&quot;:&quot;classic&quot;}\">\n\t\t\t\t<div class=\"elementor-element elementor-element-b49db41 elementor-widget elementor-widget-heading\" data-id=\"b49db41\" data-element_type=\"widget\" data-e-type=\"widget\" data-widget_type=\"heading.default\">\n\t\t\t\t<div class=\"elementor-widget-container\">\n\t\t\t\t\t<h2 class=\"elementor-heading-title elementor-size-default\"> How much time does that take? <\/h2>\t\t\t\t<\/div>\n\t\t\t\t<\/div>\n\t\t\t\t<div class=\"elementor-element elementor-element-d0c8279 elementor-widget elementor-widget-text-editor\" data-id=\"d0c8279\" data-element_type=\"widget\" data-e-type=\"widget\" data-widget_type=\"text-editor.default\">\n\t\t\t\t<div class=\"elementor-widget-container\">\n\t\t\t\t\t\t\t\t\t<p>\u00a0On average three hours per week.<\/p>\t\t\t\t\t\t\t\t<\/div>\n\t\t\t\t<\/div>\n\t\t\t\t<\/div>\n\t\t\t\t\t<\/div>\n\t\t\t\t<\/div>\n\t\t<div class=\"elementor-element elementor-element-399d018 e-flex e-con-boxed e-con e-parent\" data-id=\"399d018\" data-element_type=\"container\" data-e-type=\"container\">\n\t\t\t\t\t<div class=\"e-con-inner\">\n\t\t\t\t<div class=\"elementor-element elementor-element-034d12a elementor-widget elementor-widget-heading\" data-id=\"034d12a\" data-element_type=\"widget\" data-e-type=\"widget\" data-widget_type=\"heading.default\">\n\t\t\t\t<div class=\"elementor-widget-container\">\n\t\t\t\t\t<h2 class=\"elementor-heading-title elementor-size-default\">Our units<\/h2>\t\t\t\t<\/div>\n\t\t\t\t<\/div>\n\t\t\t\t<div class=\"elementor-element elementor-element-e10f82d elementor-widget elementor-widget-text-editor\" data-id=\"e10f82d\" data-element_type=\"widget\" data-e-type=\"widget\" data-widget_type=\"text-editor.default\">\n\t\t\t\t<div class=\"elementor-widget-container\">\n\t\t\t\t\t\t\t\t\t<p>The AStA is divided into different departments for the various tasks:<\/p>\t\t\t\t\t\t\t\t<\/div>\n\t\t\t\t<\/div>\n\t\t\t\t<div class=\"elementor-element elementor-element-d94db45 elementor-widget elementor-widget-text-editor\" data-id=\"d94db45\" data-element_type=\"widget\" data-e-type=\"widget\" data-widget_type=\"text-editor.default\">\n\t\t\t\t<div class=\"elementor-widget-container\">\n\t\t\t\t\t\t\t\t\t&nbsp;\n<table style=\"height: 594px;\" width=\"232\">\n<thead>\n<tr>\n<th>\n<h3><span style=\"color: #0b4e82;\"><strong>Position<\/strong><\/span><\/h3>\n<\/th>\n<th>\n<h3><span style=\"color: #0b4e82;\"><strong>Surname, Given Name<\/strong><\/span><\/h3>\n<\/th>\n<\/tr>\n<\/thead>\n<tbody>\n<tr>\n<td>Chairperson<\/td>\n<td>Kerpa, Marie-Louise<\/td>\n<\/tr>\n<tr>\n<td>deputy chairperson<\/td>\n<td>M\u00fcller, Marvin<\/td>\n<\/tr>\n<tr>\n<td>deputy chairperson<\/td>\n<td>Jansen, Leon<\/td>\n<\/tr>\n<tr>\n<td>financial officer<\/td>\n<td>Scheurer, Sabine<\/td>\n<\/tr>\n<tr>\n<td>treasurer<\/td>\n<td>Ruland, David<\/td>\n<\/tr>\n<tr>\n<td>Finanzen Mitglied<\/td>\n<td>Zaremba, Alexandra<\/td>\n<\/tr>\n<tr>\n<td>Finanzen Mitglied<\/td>\n<td>Oblogin, Dimitri<\/td>\n<\/tr>\n<tr>\n<td>Head of PR &amp; Events<\/td>\n<td>M\u00fcller, Marvin<\/td>\n<\/tr>\n<tr>\n<td>PR &amp; Events Member<\/td>\n<td>De Palo, Davide<\/td>\n<\/tr>\n<tr>\n<td>PR &amp; Events Member<\/td>\n<td>Sriparanthaman, Jashmia<\/td>\n<\/tr>\n<tr>\n<td>PR &amp; Events Member<\/td>\n<td>Krischer, Joy<\/td>\n<\/tr>\n<tr>\n<td>PR &amp; Events Member<\/td>\n<td>Bayoumy, Ahmed<\/td>\n<\/tr>\n<tr>\n<td>PR &amp; Events Member<\/td>\n<td>Eibert, Julia<\/td>\n<\/tr>\n<tr>\n<td>PR &amp; Events Member<\/td>\n<td>Lemm, Frida<\/td>\n<\/tr>\n<tr>\n<td>PR &amp; Events Member<\/td>\n<td>Schardt, Amelie<\/td>\n<\/tr>\n<tr>\n<td>Head of Sports Department<\/td>\n<td>Wemmert, Maren<\/td>\n<\/tr>\n<tr>\n<td>Sports Member<\/td>\n<td>Lorenzen, Bjarne<\/td>\n<\/tr>\n<tr>\n<td>Sports Member<\/td>\n<td>Cunningham, Luke<\/td>\n<\/tr>\n<tr>\n<td>Sports Member<\/td>\n<td>Grote, Hannah<\/td>\n<\/tr>\n<tr>\n<td>Sports Member<\/td>\n<td>Kraus, Timo<\/td>\n<\/tr>\n<tr>\n<td>Sports Member<\/td>\n<td>Tosun, Selina<\/td>\n<\/tr>\n<tr>\n<td>Head of Department HoPo<\/td>\n<td>Ritsch, Tiara<\/td>\n<\/tr>\n<tr>\n<td>HoPo member<\/td>\n<td>Shahrezaie, Porya<\/td>\n<\/tr>\n<tr>\n<td>HoPo member<\/td>\n<td>Schwanke, Bennett<\/td>\n<\/tr>\n<\/tbody>\n<\/table>\t\t\t\t\t\t\t\t<\/div>\n\t\t\t\t<\/div>\n\t\t\t\t\t<\/div>\n\t\t\t\t<\/div>\n\t\t\t\t<\/div>","protected":false},"excerpt":{"rendered":"<p>Der AStA stellt sich vor Hi! Wir sind dein AStA Die Hauptaufgabe des AStA besteht darin, die Interessen aller Studierenden der Hochschule Bonn-Rhein-Sieg zu vertreten. Der AStA gestaltet das Sportangebot an der Hochschule, verhandelt f\u00fcr die Studierenden \u00fcber das Semesterticket, k\u00fcmmert sich um soziale Belange und veranstaltet Events und Aktionen. Eine Besonderheit am AStA der [&hellip;]<\/p>","protected":false},"author":1,"featured_media":0,"parent":0,"menu_order":0,"comment_status":"closed","ping_status":"closed","template":"","meta":{"footnotes":""},"class_list":["post-52","page","type-page","status-publish","hentry"],"_links":{"self":[{"href":"https:\/\/asta-hs-brs.de\/en_wip\/wp-json\/wp\/v2\/pages\/52","targetHints":{"allow":["GET"]}}],"collection":[{"href":"https:\/\/asta-hs-brs.de\/en_wip\/wp-json\/wp\/v2\/pages"}],"about":[{"href":"https:\/\/asta-hs-brs.de\/en_wip\/wp-json\/wp\/v2\/types\/page"}],"author":[{"embeddable":true,"href":"https:\/\/asta-hs-brs.de\/en_wip\/wp-json\/wp\/v2\/users\/1"}],"replies":[{"embeddable":true,"href":"https:\/\/asta-hs-brs.de\/en_wip\/wp-json\/wp\/v2\/comments?post=52"}],"version-history":[{"count":78,"href":"https:\/\/asta-hs-brs.de\/en_wip\/wp-json\/wp\/v2\/pages\/52\/revisions"}],"predecessor-version":[{"id":2344,"href":"https:\/\/asta-hs-brs.de\/en_wip\/wp-json\/wp\/v2\/pages\/52\/revisions\/2344"}],"wp:attachment":[{"href":"https:\/\/asta-hs-brs.de\/en_wip\/wp-json\/wp\/v2\/media?parent=52"}],"curies":[{"name":"wp","href":"https:\/\/api.w.org\/{rel}","templated":true}]}}