{"id":1868,"date":"2025-10-10T14:51:14","date_gmt":"2025-10-10T12:51:14","guid":{"rendered":"https:\/\/asta-hs-brs.de\/?page_id=1868"},"modified":"2025-10-10T15:34:23","modified_gmt":"2025-10-10T13:34:23","slug":"kochduell","status":"publish","type":"page","link":"https:\/\/asta-hs-brs.de\/en_wip\/kochduell\/","title":{"rendered":"cooking contest"},"content":{"rendered":"<div data-elementor-type=\"wp-page\" data-elementor-id=\"1868\" class=\"elementor elementor-1868\" data-elementor-post-type=\"page\">\n\t\t\t\t<div class=\"elementor-element elementor-element-f95fc62 e-con-full e-flex e-con e-parent\" data-id=\"f95fc62\" data-element_type=\"container\" data-e-type=\"container\">\n\t\t\t\t<div class=\"elementor-element elementor-element-0aaa47f elementor-widget__width-inherit elementor-widget elementor-widget-image\" data-id=\"0aaa47f\" data-element_type=\"widget\" data-e-type=\"widget\" data-widget_type=\"image.default\">\n\t\t\t\t<div class=\"elementor-widget-container\">\n\t\t\t\t\t\t\t\t\t\t\t\t\t\t\t<img fetchpriority=\"high\" decoding=\"async\" width=\"1920\" height=\"1080\" src=\"https:\/\/asta-hs-brs.de\/wp-content\/uploads\/2025\/10\/2025-10-28-Kochduell-H-BRS.de_.png\" class=\"attachment-full size-full wp-image-1876\" alt=\"\" srcset=\"https:\/\/asta-hs-brs.de\/wp-content\/uploads\/2025\/10\/2025-10-28-Kochduell-H-BRS.de_.png 1920w, https:\/\/asta-hs-brs.de\/wp-content\/uploads\/2025\/10\/2025-10-28-Kochduell-H-BRS.de_-300x169.png 300w, https:\/\/asta-hs-brs.de\/wp-content\/uploads\/2025\/10\/2025-10-28-Kochduell-H-BRS.de_-1024x576.png 1024w, https:\/\/asta-hs-brs.de\/wp-content\/uploads\/2025\/10\/2025-10-28-Kochduell-H-BRS.de_-768x432.png 768w, https:\/\/asta-hs-brs.de\/wp-content\/uploads\/2025\/10\/2025-10-28-Kochduell-H-BRS.de_-1536x864.png 1536w, https:\/\/asta-hs-brs.de\/wp-content\/uploads\/2025\/10\/2025-10-28-Kochduell-H-BRS.de_-18x10.png 18w\" sizes=\"(max-width: 1920px) 100vw, 1920px\" \/>\t\t\t\t\t\t\t\t\t\t\t\t\t\t\t<\/div>\n\t\t\t\t<\/div>\n\t\t\t\t<\/div>\n\t\t<div class=\"elementor-element elementor-element-f0f522c e-flex e-con-boxed e-con e-parent\" data-id=\"f0f522c\" data-element_type=\"container\" data-e-type=\"container\">\n\t\t\t\t\t<div class=\"e-con-inner\">\n\t\t\t\t<div class=\"elementor-element elementor-element-926a55b elementor-widget elementor-widget-spacer\" data-id=\"926a55b\" data-element_type=\"widget\" data-e-type=\"widget\" data-widget_type=\"spacer.default\">\n\t\t\t\t<div class=\"elementor-widget-container\">\n\t\t\t\t\t\t\t<div class=\"elementor-spacer\">\n\t\t\t<div class=\"elementor-spacer-inner\"><\/div>\n\t\t<\/div>\n\t\t\t\t\t\t<\/div>\n\t\t\t\t<\/div>\n\t\t\t\t\t<\/div>\n\t\t\t\t<\/div>\n\t\t<div class=\"elementor-element elementor-element-e70418d e-flex e-con-boxed e-con e-parent\" data-id=\"e70418d\" data-element_type=\"container\" data-e-type=\"container\">\n\t\t\t\t\t<div class=\"e-con-inner\">\n\t\t\t\t<div class=\"elementor-element elementor-element-a0a1cf2 elementor-widget elementor-widget-heading\" data-id=\"a0a1cf2\" data-element_type=\"widget\" data-e-type=\"widget\" data-widget_type=\"heading.default\">\n\t\t\t\t<div class=\"elementor-widget-container\">\n\t\t\t\t\t<h2 class=\"elementor-heading-title elementor-size-default\">Wer kocht das kreativste 3-G\u00e4nge-Men\u00fc f\u00fcr die Jury?<\/h2>\t\t\t\t<\/div>\n\t\t\t\t<\/div>\n\t\t\t\t<div class=\"elementor-element elementor-element-4ee794e elementor-widget elementor-widget-text-editor\" data-id=\"4ee794e\" data-element_type=\"widget\" data-e-type=\"widget\" data-widget_type=\"text-editor.default\">\n\t\t\t\t<div class=\"elementor-widget-container\">\n\t\t\t\t\t\t\t\t\t<p class=\"cvGsUA direction-ltr align-justify para-style-body\">Am 28. Oktober hei\u00dft es wieder: \u201eRan an die T\u00f6pfe!\u201c Beim gro\u00dfen Koch-Duell in der Mensa Sankt Augustin treten Studierenden- und Alumni-Teams gegeneinander an \u2013 mit dem Ziel, die Jury mit einem originellen, geschmackvollen und optisch \u00fcberzeugenden Men\u00fc zu begeistern.<\/p>\t\t\t\t\t\t\t\t<\/div>\n\t\t\t\t<\/div>\n\t\t\t\t\t<\/div>\n\t\t\t\t<\/div>\n\t\t<div class=\"elementor-element elementor-element-9983615 e-flex e-con-boxed e-con e-parent\" data-id=\"9983615\" data-element_type=\"container\" data-e-type=\"container\">\n\t\t\t\t\t<div class=\"e-con-inner\">\n\t\t<div class=\"elementor-element elementor-element-79a0cdf e-con-full e-flex e-con e-child\" data-id=\"79a0cdf\" data-element_type=\"container\" data-e-type=\"container\" data-settings=\"{&quot;background_background&quot;:&quot;classic&quot;}\">\n\t\t\t\t<div class=\"elementor-element elementor-element-7d23c9b elementor-widget elementor-widget-heading\" data-id=\"7d23c9b\" data-element_type=\"widget\" data-e-type=\"widget\" data-widget_type=\"heading.default\">\n\t\t\t\t<div class=\"elementor-widget-container\">\n\t\t\t\t\t<h2 class=\"elementor-heading-title elementor-size-default\">Der Wettbewerb<\/h2>\t\t\t\t<\/div>\n\t\t\t\t<\/div>\n\t\t\t\t<div class=\"elementor-element elementor-element-c7a70c1 elementor-widget elementor-widget-text-editor\" data-id=\"c7a70c1\" data-element_type=\"widget\" data-e-type=\"widget\" data-widget_type=\"text-editor.default\">\n\t\t\t\t<div class=\"elementor-widget-container\">\n\t\t\t\t\t\t\t\t\t<p>Jedes Team bereitet ein 3-G\u00e4nge-Men\u00fc f\u00fcr vier Jury-Stimmen zu \u2013 also insgesamt vier Portionen pro Gang. Eurer Kreativit\u00e4t sind dabei keine Grenzen gesetzt, im Gegenteil: Originalit\u00e4t wird ausdr\u00fccklich belohnt!<\/p>\t\t\t\t\t\t\t\t<\/div>\n\t\t\t\t<\/div>\n\t\t\t\t<\/div>\n\t\t\t\t\t<\/div>\n\t\t\t\t<\/div>\n\t\t<div class=\"elementor-element elementor-element-8013acb e-flex e-con-boxed e-con e-parent\" data-id=\"8013acb\" data-element_type=\"container\" data-e-type=\"container\">\n\t\t\t\t\t<div class=\"e-con-inner\">\n\t\t\t\t<div class=\"elementor-element elementor-element-da3a673 elementor-widget elementor-widget-heading\" data-id=\"da3a673\" data-element_type=\"widget\" data-e-type=\"widget\" data-widget_type=\"heading.default\">\n\t\t\t\t<div class=\"elementor-widget-container\">\n\t\t\t\t\t<h2 class=\"elementor-heading-title elementor-size-default\">Budget<\/h2>\t\t\t\t<\/div>\n\t\t\t\t<\/div>\n\t\t\t\t<div class=\"elementor-element elementor-element-febfbbf elementor-widget elementor-widget-text-editor\" data-id=\"febfbbf\" data-element_type=\"widget\" data-e-type=\"widget\" data-widget_type=\"text-editor.default\">\n\t\t\t\t<div class=\"elementor-widget-container\">\n\t\t\t\t\t\t\t\t\t<p class=\"cvGsUA direction-ltr align-justify para-style-body\">F\u00fcr den Einkauf der Zutaten steht jedem Team ein Budget von 50 \u20ac zur Verf\u00fcgung.<br \/>Gew\u00fcrze, \u00d6le und kleine Basics d\u00fcrfen gerne aus dem eigenen Vorrat mitgebracht werden.<br \/>Studierende reichen ihre Einkaufsquittung zur Erstattung direkt bei uns ein. F\u00fcr das Alumni-Team organisiert das Alumni-B\u00fcro die Abrechnung.<\/p>\t\t\t\t\t\t\t\t<\/div>\n\t\t\t\t<\/div>\n\t\t\t\t\t<\/div>\n\t\t\t\t<\/div>\n\t\t<div class=\"elementor-element elementor-element-60c2b19 e-flex e-con-boxed e-con e-parent\" data-id=\"60c2b19\" data-element_type=\"container\" data-e-type=\"container\">\n\t\t\t\t\t<div class=\"e-con-inner\">\n\t\t<div class=\"elementor-element elementor-element-161d721 e-con-full e-flex e-con e-child\" data-id=\"161d721\" data-element_type=\"container\" data-e-type=\"container\" data-settings=\"{&quot;background_background&quot;:&quot;classic&quot;}\">\n\t\t\t\t<div class=\"elementor-element elementor-element-8253f24 elementor-widget elementor-widget-heading\" data-id=\"8253f24\" data-element_type=\"widget\" data-e-type=\"widget\" data-widget_type=\"heading.default\">\n\t\t\t\t<div class=\"elementor-widget-container\">\n\t\t\t\t\t<h2 class=\"elementor-heading-title elementor-size-default\">Zeitplan<\/h2>\t\t\t\t<\/div>\n\t\t\t\t<\/div>\n\t\t\t\t<div class=\"elementor-element elementor-element-17e9485 elementor-widget elementor-widget-text-editor\" data-id=\"17e9485\" data-element_type=\"widget\" data-e-type=\"widget\" data-widget_type=\"text-editor.default\">\n\t\t\t\t<div class=\"elementor-widget-container\">\n\t\t\t\t\t\t\t\t\t<p>17:00 Uhr: Aufbau in der Mensa Sankt Augustin<br \/>17:30 Uhr: Sp\u00e4tester Ankunftszeitpunkt<br \/>18:00 Uhr: Offizieller Start des Koch-Duells<br \/>Dann beginnt das Kochen!<br \/>Vorspeise: 30 Minuten<br \/>Hauptgericht: 60 Minuten<br \/>Dessert: 30 Minuten<\/p><p>Zwischen den G\u00e4ngen bewertet die Jury jeweils die Gerichte nach einem festen Schema.<\/p>\t\t\t\t\t\t\t\t<\/div>\n\t\t\t\t<\/div>\n\t\t\t\t<\/div>\n\t\t\t\t\t<\/div>\n\t\t\t\t<\/div>\n\t\t<div class=\"elementor-element elementor-element-54c805d e-flex e-con-boxed e-con e-parent\" data-id=\"54c805d\" data-element_type=\"container\" data-e-type=\"container\">\n\t\t\t\t\t<div class=\"e-con-inner\">\n\t\t\t\t<div class=\"elementor-element elementor-element-66ff476 elementor-widget elementor-widget-heading\" data-id=\"66ff476\" data-element_type=\"widget\" data-e-type=\"widget\" data-widget_type=\"heading.default\">\n\t\t\t\t<div class=\"elementor-widget-container\">\n\t\t\t\t\t<h2 class=\"elementor-heading-title elementor-size-default\">Die Jury<\/h2>\t\t\t\t<\/div>\n\t\t\t\t<\/div>\n\t\t\t\t<div class=\"elementor-element elementor-element-4546253 elementor-widget elementor-widget-text-editor\" data-id=\"4546253\" data-element_type=\"widget\" data-e-type=\"widget\" data-widget_type=\"text-editor.default\">\n\t\t\t\t<div class=\"elementor-widget-container\">\n\t\t\t\t\t\t\t\t\t<p class=\"cvGsUA direction-ltr align-justify para-style-body\">Unsere vierk\u00f6pfige Jury besteht aus:<br \/>Angela Fischer, Kanzlerin der H-BRS<br \/>Marie-Louise Kerpa, Vorsitzende des AStA<br \/>Nicolas Lecloux, Mitgr\u00fcnder von truefruits<br \/>Und einer Publikumsstimme, die pro Gericht neu ausgelost wird!<\/p>\t\t\t\t\t\t\t\t<\/div>\n\t\t\t\t<\/div>\n\t\t\t\t\t<\/div>\n\t\t\t\t<\/div>\n\t\t<div class=\"elementor-element elementor-element-610d1f2 e-flex e-con-boxed e-con e-parent\" data-id=\"610d1f2\" data-element_type=\"container\" data-e-type=\"container\">\n\t\t\t\t\t<div class=\"e-con-inner\">\n\t\t<div class=\"elementor-element elementor-element-2a52456 e-con-full e-flex e-con e-child\" data-id=\"2a52456\" data-element_type=\"container\" data-e-type=\"container\" data-settings=\"{&quot;background_background&quot;:&quot;classic&quot;}\">\n\t\t\t\t<div class=\"elementor-element elementor-element-b0ba5aa elementor-widget elementor-widget-heading\" data-id=\"b0ba5aa\" data-element_type=\"widget\" data-e-type=\"widget\" data-widget_type=\"heading.default\">\n\t\t\t\t<div class=\"elementor-widget-container\">\n\t\t\t\t\t<h2 class=\"elementor-heading-title elementor-size-default\">Bewertung &amp; Men\u00fckarte<\/h2>\t\t\t\t<\/div>\n\t\t\t\t<\/div>\n\t\t\t\t<div class=\"elementor-element elementor-element-3e1435a elementor-widget elementor-widget-text-editor\" data-id=\"3e1435a\" data-element_type=\"widget\" data-e-type=\"widget\" data-widget_type=\"text-editor.default\">\n\t\t\t\t<div class=\"elementor-widget-container\">\n\t\t\t\t\t\t\t\t\t<p>Bewertet werden Optik, Geschmack, Originalit\u00e4t und Sauberkeit des Arbeitsplatzes.<br \/>Drei Extrapunkte gibt es au\u00dferdem f\u00fcr die sch\u00f6nste Men\u00fckarte (max. A5).<br \/>Ihr k\u00f6nnt den Druck selbst \u00fcbernehmen oder uns Eure Datei (PDF) bis zum 20. Oktober zusenden \u2013 wir \u00fcbernehmen dann den Rest.<\/p>\t\t\t\t\t\t\t\t<\/div>\n\t\t\t\t<\/div>\n\t\t\t\t<\/div>\n\t\t\t\t\t<\/div>\n\t\t\t\t<\/div>\n\t\t<div class=\"elementor-element elementor-element-84a4fda e-flex e-con-boxed e-con e-parent\" data-id=\"84a4fda\" data-element_type=\"container\" data-e-type=\"container\">\n\t\t\t\t\t<div class=\"e-con-inner\">\n\t\t\t\t<div class=\"elementor-element elementor-element-be5d48d elementor-widget elementor-widget-heading\" data-id=\"be5d48d\" data-element_type=\"widget\" data-e-type=\"widget\" data-widget_type=\"heading.default\">\n\t\t\t\t<div class=\"elementor-widget-container\">\n\t\t\t\t\t<h2 class=\"elementor-heading-title elementor-size-default\">Ausstattung<\/h2>\t\t\t\t<\/div>\n\t\t\t\t<\/div>\n\t\t\t\t<div class=\"elementor-element elementor-element-878827f elementor-widget elementor-widget-text-editor\" data-id=\"878827f\" data-element_type=\"widget\" data-e-type=\"widget\" data-widget_type=\"text-editor.default\">\n\t\t\t\t<div class=\"elementor-widget-container\">\n\t\t\t\t\t\t\t\t\t<p class=\"cvGsUA direction-ltr align-justify para-style-body\">Jedes Team erh\u00e4lt eine Doppel-Induktionsplatte.<br \/>Zutaten k\u00f6nnen tags\u00fcber im K\u00fchlschrank des AStA gelagert werden (kein Tiefk\u00fchler vorhanden).<br \/>F\u00fcr die Pr\u00e4sentation bringt Ihr bitte eigenes Geschirr mit.<br \/>Falls Ihr zus\u00e4tzliche K\u00fcchenger\u00e4te nutzt, gebt uns bis 20. Oktober Bescheid, damit wir die Stromversorgung planen k\u00f6nnen.<\/p>\t\t\t\t\t\t\t\t<\/div>\n\t\t\t\t<\/div>\n\t\t\t\t\t<\/div>\n\t\t\t\t<\/div>\n\t\t<div class=\"elementor-element elementor-element-11ef346 e-flex e-con-boxed e-con e-parent\" data-id=\"11ef346\" data-element_type=\"container\" data-e-type=\"container\">\n\t\t\t\t\t<div class=\"e-con-inner\">\n\t\t<div class=\"elementor-element elementor-element-2f5ee18 e-con-full e-flex e-con e-child\" data-id=\"2f5ee18\" data-element_type=\"container\" data-e-type=\"container\" data-settings=\"{&quot;background_background&quot;:&quot;classic&quot;}\">\n\t\t\t\t<div class=\"elementor-element elementor-element-6d7f806 elementor-widget elementor-widget-heading\" data-id=\"6d7f806\" data-element_type=\"widget\" data-e-type=\"widget\" data-widget_type=\"heading.default\">\n\t\t\t\t<div class=\"elementor-widget-container\">\n\t\t\t\t\t<h2 class=\"elementor-heading-title elementor-size-default\">Moderation<\/h2>\t\t\t\t<\/div>\n\t\t\t\t<\/div>\n\t\t\t\t<div class=\"elementor-element elementor-element-39c436b elementor-widget elementor-widget-text-editor\" data-id=\"39c436b\" data-element_type=\"widget\" data-e-type=\"widget\" data-widget_type=\"text-editor.default\">\n\t\t\t\t<div class=\"elementor-widget-container\">\n\t\t\t\t\t\t\t\t\t<p>Durch den Abend f\u00fchrt Prof. Argang Ghardir vom Fachbereich Wirtschaftswissenschaften \u2013 Gr\u00fcnder von wissenschmeckt.de und leidenschaftlicher Food-Enthusiast.<\/p>\t\t\t\t\t\t\t\t<\/div>\n\t\t\t\t<\/div>\n\t\t\t\t<\/div>\n\t\t\t\t\t<\/div>\n\t\t\t\t<\/div>\n\t\t<div class=\"elementor-element elementor-element-0d8e765 e-flex e-con-boxed e-con e-parent\" data-id=\"0d8e765\" data-element_type=\"container\" data-e-type=\"container\">\n\t\t\t\t\t<div class=\"e-con-inner\">\n\t\t\t\t<div class=\"elementor-element elementor-element-8435ddb elementor-widget elementor-widget-heading\" data-id=\"8435ddb\" data-element_type=\"widget\" data-e-type=\"widget\" data-widget_type=\"heading.default\">\n\t\t\t\t<div class=\"elementor-widget-container\">\n\t\t\t\t\t<h2 class=\"elementor-heading-title elementor-size-default\">Preise &amp; \u00dcberraschungen\n<\/h2>\t\t\t\t<\/div>\n\t\t\t\t<\/div>\n\t\t\t\t<div class=\"elementor-element elementor-element-03ac29b elementor-widget elementor-widget-text-editor\" data-id=\"03ac29b\" data-element_type=\"widget\" data-e-type=\"widget\" data-widget_type=\"text-editor.default\">\n\t\t\t\t<div class=\"elementor-widget-container\">\n\t\t\t\t\t\t\t\t\t<p class=\"cvGsUA direction-ltr align-justify para-style-body\">Nat\u00fcrlich gibt es wieder tolle Preise zu gewinnen \u2013 was genau, bleibt aber noch unser kleines Geheimnis \u2026<\/p>\t\t\t\t\t\t\t\t<\/div>\n\t\t\t\t<\/div>\n\t\t\t\t\t<\/div>\n\t\t\t\t<\/div>\n\t\t<div class=\"elementor-element elementor-element-a7f6312 e-flex e-con-boxed e-con e-parent\" data-id=\"a7f6312\" data-element_type=\"container\" data-e-type=\"container\">\n\t\t\t\t\t<div class=\"e-con-inner\">\n\t\t<div class=\"elementor-element elementor-element-6ba6731 e-con-full e-flex e-con e-child\" data-id=\"6ba6731\" data-element_type=\"container\" data-e-type=\"container\" data-settings=\"{&quot;background_background&quot;:&quot;classic&quot;}\">\n\t\t\t\t<div class=\"elementor-element elementor-element-5d19c9f elementor-widget elementor-widget-heading\" data-id=\"5d19c9f\" data-element_type=\"widget\" data-e-type=\"widget\" data-widget_type=\"heading.default\">\n\t\t\t\t<div class=\"elementor-widget-container\">\n\t\t\t\t\t<h2 class=\"elementor-heading-title elementor-size-default\">Habt Ihr Fragen oder braucht Unterst\u00fctzung bei der Vorbereitung?<\/h2>\t\t\t\t<\/div>\n\t\t\t\t<\/div>\n\t\t\t\t<div class=\"elementor-element elementor-element-612a507 elementor-widget elementor-widget-text-editor\" data-id=\"612a507\" data-element_type=\"widget\" data-e-type=\"widget\" data-widget_type=\"text-editor.default\">\n\t\t\t\t<div class=\"elementor-widget-container\">\n\t\t\t\t\t\t\t\t\t<p>Dann schreibt uns einfach (info@asta.h-brs.de) \u2013 wir freuen uns auf Eure kreativen Men\u00fcs und einen k\u00f6stlichen Abend voller Teamgeist, Spa\u00df und Geschmacksexplosionen!<\/p>\t\t\t\t\t\t\t\t<\/div>\n\t\t\t\t<\/div>\n\t\t\t\t<\/div>\n\t\t\t\t\t<\/div>\n\t\t\t\t<\/div>\n\t\t\t\t<\/div>","protected":false},"excerpt":{"rendered":"<p>Wer kocht das kreativste 3-G\u00e4nge-Men\u00fc f\u00fcr die Jury? Am 28. Oktober hei\u00dft es wieder: \u201eRan an die T\u00f6pfe!\u201c Beim gro\u00dfen Koch-Duell in der Mensa Sankt Augustin treten Studierenden- und Alumni-Teams gegeneinander an \u2013 mit dem Ziel, die Jury mit einem originellen, geschmackvollen und optisch \u00fcberzeugenden Men\u00fc zu begeistern. Der Wettbewerb Jedes Team bereitet ein 3-G\u00e4nge-Men\u00fc [&hellip;]<\/p>","protected":false},"author":4,"featured_media":0,"parent":0,"menu_order":0,"comment_status":"closed","ping_status":"closed","template":"","meta":{"footnotes":""},"class_list":["post-1868","page","type-page","status-publish","hentry"],"_links":{"self":[{"href":"https:\/\/asta-hs-brs.de\/en_wip\/wp-json\/wp\/v2\/pages\/1868","targetHints":{"allow":["GET"]}}],"collection":[{"href":"https:\/\/asta-hs-brs.de\/en_wip\/wp-json\/wp\/v2\/pages"}],"about":[{"href":"https:\/\/asta-hs-brs.de\/en_wip\/wp-json\/wp\/v2\/types\/page"}],"author":[{"embeddable":true,"href":"https:\/\/asta-hs-brs.de\/en_wip\/wp-json\/wp\/v2\/users\/4"}],"replies":[{"embeddable":true,"href":"https:\/\/asta-hs-brs.de\/en_wip\/wp-json\/wp\/v2\/comments?post=1868"}],"version-history":[{"count":4,"href":"https:\/\/asta-hs-brs.de\/en_wip\/wp-json\/wp\/v2\/pages\/1868\/revisions"}],"predecessor-version":[{"id":1879,"href":"https:\/\/asta-hs-brs.de\/en_wip\/wp-json\/wp\/v2\/pages\/1868\/revisions\/1879"}],"wp:attachment":[{"href":"https:\/\/asta-hs-brs.de\/en_wip\/wp-json\/wp\/v2\/media?parent=1868"}],"curies":[{"name":"wp","href":"https:\/\/api.w.org\/{rel}","templated":true}]}}